{"id":1194,"date":"2025-07-10T14:00:08","date_gmt":"2025-07-10T17:00:08","guid":{"rendered":"https:\/\/ovaradouro.com.br\/novo-site\/?page_id=1194"},"modified":"2025-07-10T14:11:12","modified_gmt":"2025-07-10T17:11:12","slug":"apoie-o-varadouro","status":"publish","type":"page","link":"https:\/\/ovaradouro.com.br\/novo-site\/apoie-o-varadouro\/","title":{"rendered":"Apoie o Varadouro"},"content":{"rendered":"\t\t<div data-elementor-type=\"wp-page\" data-elementor-id=\"1194\" class=\"elementor elementor-1194\" data-elementor-post-type=\"page\">\n\t\t\t\t<div class=\"elementor-element elementor-element-1225dd16 e-flex e-con-boxed e-con e-parent\" data-id=\"1225dd16\" data-element_type=\"container\">\n\t\t\t\t\t<div class=\"e-con-inner\">\n\t\t\t\t<div class=\"elementor-element elementor-element-2c851424 elementor-widget elementor-widget-text-editor\" data-id=\"2c851424\" data-element_type=\"widget\" data-widget_type=\"text-editor.default\">\n\t\t\t\t<div class=\"elementor-widget-container\">\n\t\t\t\t\t\t\t\t\t\n<h2 class=\"wp-block-heading has-text-align-left\">O Varadouro precisa de voc\u00ea!<\/h2>\n\n<p>A produ\u00e7\u00e3o de um jornalismo cr\u00edtico, independente, plural e com respeito \u00e0 diversidade \u00e9 um grande desafio dentro do contexto social e pol\u00edtico da Amaz\u00f4nia. Nossas reportagens v\u00e3o, exatamente, de frente aos interesses das velhas oligarquias pol\u00edticas e grupos econ\u00f4micos locais cujas vis\u00f5es colocam em risco a preserva\u00e7\u00e3o da floresta e a sobreviv\u00eancia de suas popula\u00e7\u00f5es tradicionais.<\/p>\n\n<p>N\u00e3o recebemos apoio financeiro destes grupos para termos a plena liberdade para fazermos um jornalismo em defesa da Floresta Amaz\u00f4nica. Somos e atuamos dentro da regi\u00e3o, enfrentando, no dia a dia, todas as dificuldades e riscos por tratarmos de temas que se chocam com os interesses da velha elite que ainda influencia os rumos da pol\u00edtica e da economia no Norte do Brasil.<\/p>\n\n<p>O jornalismo alternativo e independente da Amaz\u00f4nia precisa de sua ajuda para sobreviver<\/p>\n\n<p>Precisamos de sua ajuda para fazer do Varadouro sempre este ve\u00edculo de comunica\u00e7\u00e3o livre e independente dentro da regi\u00e3o amaz\u00f4nica. Produzir jornalismo aqui n\u00e3o \u00e9 f\u00e1cil. Os custos s\u00e3o muito altos, a log\u00edstica \u00e9 dif\u00edcil. Precisamos chegar \u00e0s comunidades mais distantes para ouvir e retratar suas realidades e demandas.<\/p>\n\n<p class=\"has-text-align-center\"><strong>Converse com a gente<br \/>contato@ovaradouro.com.br<\/strong><\/p>\n\n<p class=\"has-text-align-center\"><strong>O jornalismo alternativo e independente da Amaz\u00f4nia precisa de sua ajuda para sobreviver<\/strong><\/p>\n\n<h2 class=\"wp-block-heading has-text-align-center\">Fa\u00e7a uma doa\u00e7\u00e3o!<\/h2>\n\n<p class=\"has-text-align-center\"><strong>Nossa chave pix<br \/>ovaradouro@gmail.com<\/strong><\/p>\n\t\t\t\t\t\t\t\t<\/div>\n\t\t\t\t<\/div>\n\t\t\t\t\t<\/div>\n\t\t\t\t<\/div>\n\t\t<div class=\"elementor-element elementor-element-ea74bcc e-flex e-con-boxed e-con e-parent\" data-id=\"ea74bcc\" data-element_type=\"container\" data-settings=\"{&quot;background_background&quot;:&quot;classic&quot;}\">\n\t\t\t\t\t<div class=\"e-con-inner\">\n\t\t<div class=\"elementor-element elementor-element-19ebb36 e-con-full e-flex e-con e-child\" data-id=\"19ebb36\" data-element_type=\"container\" data-settings=\"{&quot;background_background&quot;:&quot;classic&quot;}\">\n\t\t\t\t<div class=\"elementor-element elementor-element-8d87615 elementor-widget elementor-widget-text-editor\" data-id=\"8d87615\" data-element_type=\"widget\" data-widget_type=\"text-editor.default\">\n\t\t\t\t<div class=\"elementor-widget-container\">\n\t\t\t\t\t\t\t\t\t<p class=\"has-text-align-center\"><strong>Associa\u00e7\u00e3o Varadouro de Jornalismo e Comunica\u00e7\u00e3o pela Amaz\u00f4nia<\/strong><\/p>\n<p><!-- \/wp:paragraph --><!-- wp:paragraph {\"align\":\"center\"} --><\/p>\n<p class=\"has-text-align-center\"><strong>Banco do Brasil<br \/>N\u00famero do banco: 001<br \/>Ag\u00eancia: 2359-0<br \/>CC: 70.097-5<\/strong><\/p>\t\t\t\t\t\t\t\t<\/div>\n\t\t\t\t<\/div>\n\t\t\t\t<\/div>\n\t\t\t\t\t<\/div>\n\t\t\t\t<\/div>\n\t\t\t\t<\/div>\n\t\t","protected":false},"excerpt":{"rendered":"<p>O Varadouro precisa de voc\u00ea! A produ\u00e7\u00e3o de um jornalismo cr\u00edtico, independente, plural e com respeito \u00e0 diversidade \u00e9 um grande desafio dentro do contexto social e pol\u00edtico da Amaz\u00f4nia. Nossas reportagens v\u00e3o, exatamente, de frente aos interesses das velhas oligarquias pol\u00edticas e grupos econ\u00f4micos locais cujas vis\u00f5es colocam em risco a preserva\u00e7\u00e3o da floresta [&hellip;]<\/p>\n","protected":false},"author":1,"featured_media":0,"parent":0,"menu_order":0,"comment_status":"closed","ping_status":"closed","template":"","meta":{"footnotes":""},"class_list":["post-1194","page","type-page","status-publish","hentry"],"yoast_head":"<!-- This site is optimized with the Yoast SEO plugin v27.2 - https:\/\/yoast.com\/product\/yoast-seo-wordpress\/ -->\n<title>Apoie o Varadouro - O Varadouro - Um Jornal das Selvas<\/title>\n<meta name=\"robots\" content=\"index, follow, max-snippet:-1, max-image-preview:large, max-video-preview:-1\" \/>\n<link rel=\"canonical\" href=\"https:\/\/ovaradouro.com.br\/novo-site\/apoie-o-varadouro\/\" \/>\n<meta property=\"og:locale\" content=\"pt_BR\" \/>\n<meta property=\"og:type\" content=\"article\" \/>\n<meta property=\"og:title\" content=\"Apoie o Varadouro - O Varadouro - Um Jornal das Selvas\" \/>\n<meta property=\"og:description\" content=\"O Varadouro precisa de voc\u00ea! A produ\u00e7\u00e3o de um jornalismo cr\u00edtico, independente, plural e com respeito \u00e0 diversidade \u00e9 um grande desafio dentro do contexto social e pol\u00edtico da Amaz\u00f4nia. Nossas reportagens v\u00e3o, exatamente, de frente aos interesses das velhas oligarquias pol\u00edticas e grupos econ\u00f4micos locais cujas vis\u00f5es colocam em risco a preserva\u00e7\u00e3o da floresta [&hellip;]\" \/>\n<meta property=\"og:url\" content=\"https:\/\/ovaradouro.com.br\/novo-site\/apoie-o-varadouro\/\" \/>\n<meta property=\"og:site_name\" content=\"O Varadouro - Um Jornal das Selvas\" \/>\n<meta property=\"article:modified_time\" content=\"2025-07-10T17:11:12+00:00\" \/>\n<meta property=\"og:image\" content=\"https:\/\/ovaradouro.com.br\/novo-site\/wp-content\/uploads\/2025\/07\/Logomarca-Varadouro-1400-780.jpg\" \/>\n\t<meta property=\"og:image:width\" content=\"1400\" \/>\n\t<meta property=\"og:image:height\" content=\"787\" \/>\n\t<meta property=\"og:image:type\" content=\"image\/jpeg\" \/>\n<meta name=\"twitter:card\" content=\"summary_large_image\" \/>\n<meta name=\"twitter:label1\" content=\"Est. tempo de leitura\" \/>\n\t<meta name=\"twitter:data1\" content=\"1 minuto\" \/>\n<script type=\"application\/ld+json\" class=\"yoast-schema-graph\">{\"@context\":\"https:\/\/schema.org\",\"@graph\":[{\"@type\":\"WebPage\",\"@id\":\"https:\/\/ovaradouro.com.br\/novo-site\/apoie-o-varadouro\/\",\"url\":\"https:\/\/ovaradouro.com.br\/novo-site\/apoie-o-varadouro\/\",\"name\":\"Apoie o Varadouro - O Varadouro - Um Jornal das Selvas\",\"isPartOf\":{\"@id\":\"https:\/\/ovaradouro.com.br\/novo-site\/#website\"},\"datePublished\":\"2025-07-10T17:00:08+00:00\",\"dateModified\":\"2025-07-10T17:11:12+00:00\",\"breadcrumb\":{\"@id\":\"https:\/\/ovaradouro.com.br\/novo-site\/apoie-o-varadouro\/#breadcrumb\"},\"inLanguage\":\"pt-BR\",\"potentialAction\":[{\"@type\":\"ReadAction\",\"target\":[\"https:\/\/ovaradouro.com.br\/novo-site\/apoie-o-varadouro\/\"]}]},{\"@type\":\"BreadcrumbList\",\"@id\":\"https:\/\/ovaradouro.com.br\/novo-site\/apoie-o-varadouro\/#breadcrumb\",\"itemListElement\":[{\"@type\":\"ListItem\",\"position\":1,\"name\":\"In\u00edcio\",\"item\":\"https:\/\/ovaradouro.com.br\/novo-site\/\"},{\"@type\":\"ListItem\",\"position\":2,\"name\":\"Apoie o Varadouro\"}]},{\"@type\":\"WebSite\",\"@id\":\"https:\/\/ovaradouro.com.br\/novo-site\/#website\",\"url\":\"https:\/\/ovaradouro.com.br\/novo-site\/\",\"name\":\"O Varadouro - Um Jornal das Selvas\",\"description\":\"Seja bem-vindo ao nosso novo site! Varadouro - Um jornal das selvas!\",\"publisher\":{\"@id\":\"https:\/\/ovaradouro.com.br\/novo-site\/#organization\"},\"potentialAction\":[{\"@type\":\"SearchAction\",\"target\":{\"@type\":\"EntryPoint\",\"urlTemplate\":\"https:\/\/ovaradouro.com.br\/novo-site\/?s={search_term_string}\"},\"query-input\":{\"@type\":\"PropertyValueSpecification\",\"valueRequired\":true,\"valueName\":\"search_term_string\"}}],\"inLanguage\":\"pt-BR\"},{\"@type\":\"Organization\",\"@id\":\"https:\/\/ovaradouro.com.br\/novo-site\/#organization\",\"name\":\"O Varadouro - Um Jornal das Selvas\",\"url\":\"https:\/\/ovaradouro.com.br\/novo-site\/\",\"logo\":{\"@type\":\"ImageObject\",\"inLanguage\":\"pt-BR\",\"@id\":\"https:\/\/ovaradouro.com.br\/novo-site\/#\/schema\/logo\/image\/\",\"url\":\"https:\/\/ovaradouro.com.br\/novo-site\/wp-content\/uploads\/2024\/08\/logomarca.png\",\"contentUrl\":\"https:\/\/ovaradouro.com.br\/novo-site\/wp-content\/uploads\/2024\/08\/logomarca.png\",\"width\":400,\"height\":74,\"caption\":\"O Varadouro - Um Jornal das Selvas\"},\"image\":{\"@id\":\"https:\/\/ovaradouro.com.br\/novo-site\/#\/schema\/logo\/image\/\"}}]}<\/script>\n<!-- \/ Yoast SEO plugin. -->","yoast_head_json":{"title":"Apoie o Varadouro - O Varadouro - Um Jornal das Selvas","robots":{"index":"index","follow":"follow","max-snippet":"max-snippet:-1","max-image-preview":"max-image-preview:large","max-video-preview":"max-video-preview:-1"},"canonical":"https:\/\/ovaradouro.com.br\/novo-site\/apoie-o-varadouro\/","og_locale":"pt_BR","og_type":"article","og_title":"Apoie o Varadouro - O Varadouro - Um Jornal das Selvas","og_description":"O Varadouro precisa de voc\u00ea! A produ\u00e7\u00e3o de um jornalismo cr\u00edtico, independente, plural e com respeito \u00e0 diversidade \u00e9 um grande desafio dentro do contexto social e pol\u00edtico da Amaz\u00f4nia. Nossas reportagens v\u00e3o, exatamente, de frente aos interesses das velhas oligarquias pol\u00edticas e grupos econ\u00f4micos locais cujas vis\u00f5es colocam em risco a preserva\u00e7\u00e3o da floresta [&hellip;]","og_url":"https:\/\/ovaradouro.com.br\/novo-site\/apoie-o-varadouro\/","og_site_name":"O Varadouro - Um Jornal das Selvas","article_modified_time":"2025-07-10T17:11:12+00:00","og_image":[{"width":1400,"height":787,"url":"https:\/\/ovaradouro.com.br\/novo-site\/wp-content\/uploads\/2025\/07\/Logomarca-Varadouro-1400-780.jpg","type":"image\/jpeg"}],"twitter_card":"summary_large_image","twitter_misc":{"Est. tempo de leitura":"1 minuto"},"schema":{"@context":"https:\/\/schema.org","@graph":[{"@type":"WebPage","@id":"https:\/\/ovaradouro.com.br\/novo-site\/apoie-o-varadouro\/","url":"https:\/\/ovaradouro.com.br\/novo-site\/apoie-o-varadouro\/","name":"Apoie o Varadouro - O Varadouro - Um Jornal das Selvas","isPartOf":{"@id":"https:\/\/ovaradouro.com.br\/novo-site\/#website"},"datePublished":"2025-07-10T17:00:08+00:00","dateModified":"2025-07-10T17:11:12+00:00","breadcrumb":{"@id":"https:\/\/ovaradouro.com.br\/novo-site\/apoie-o-varadouro\/#breadcrumb"},"inLanguage":"pt-BR","potentialAction":[{"@type":"ReadAction","target":["https:\/\/ovaradouro.com.br\/novo-site\/apoie-o-varadouro\/"]}]},{"@type":"BreadcrumbList","@id":"https:\/\/ovaradouro.com.br\/novo-site\/apoie-o-varadouro\/#breadcrumb","itemListElement":[{"@type":"ListItem","position":1,"name":"In\u00edcio","item":"https:\/\/ovaradouro.com.br\/novo-site\/"},{"@type":"ListItem","position":2,"name":"Apoie o Varadouro"}]},{"@type":"WebSite","@id":"https:\/\/ovaradouro.com.br\/novo-site\/#website","url":"https:\/\/ovaradouro.com.br\/novo-site\/","name":"O Varadouro - Um Jornal das Selvas","description":"Seja bem-vindo ao nosso novo site! Varadouro - Um jornal das selvas!","publisher":{"@id":"https:\/\/ovaradouro.com.br\/novo-site\/#organization"},"potentialAction":[{"@type":"SearchAction","target":{"@type":"EntryPoint","urlTemplate":"https:\/\/ovaradouro.com.br\/novo-site\/?s={search_term_string}"},"query-input":{"@type":"PropertyValueSpecification","valueRequired":true,"valueName":"search_term_string"}}],"inLanguage":"pt-BR"},{"@type":"Organization","@id":"https:\/\/ovaradouro.com.br\/novo-site\/#organization","name":"O Varadouro - Um Jornal das Selvas","url":"https:\/\/ovaradouro.com.br\/novo-site\/","logo":{"@type":"ImageObject","inLanguage":"pt-BR","@id":"https:\/\/ovaradouro.com.br\/novo-site\/#\/schema\/logo\/image\/","url":"https:\/\/ovaradouro.com.br\/novo-site\/wp-content\/uploads\/2024\/08\/logomarca.png","contentUrl":"https:\/\/ovaradouro.com.br\/novo-site\/wp-content\/uploads\/2024\/08\/logomarca.png","width":400,"height":74,"caption":"O Varadouro - Um Jornal das Selvas"},"image":{"@id":"https:\/\/ovaradouro.com.br\/novo-site\/#\/schema\/logo\/image\/"}}]}},"_links":{"self":[{"href":"https:\/\/ovaradouro.com.br\/novo-site\/wp-json\/wp\/v2\/pages\/1194","targetHints":{"allow":["GET"]}}],"collection":[{"href":"https:\/\/ovaradouro.com.br\/novo-site\/wp-json\/wp\/v2\/pages"}],"about":[{"href":"https:\/\/ovaradouro.com.br\/novo-site\/wp-json\/wp\/v2\/types\/page"}],"author":[{"embeddable":true,"href":"https:\/\/ovaradouro.com.br\/novo-site\/wp-json\/wp\/v2\/users\/1"}],"replies":[{"embeddable":true,"href":"https:\/\/ovaradouro.com.br\/novo-site\/wp-json\/wp\/v2\/comments?post=1194"}],"version-history":[{"count":17,"href":"https:\/\/ovaradouro.com.br\/novo-site\/wp-json\/wp\/v2\/pages\/1194\/revisions"}],"predecessor-version":[{"id":1213,"href":"https:\/\/ovaradouro.com.br\/novo-site\/wp-json\/wp\/v2\/pages\/1194\/revisions\/1213"}],"wp:attachment":[{"href":"https:\/\/ovaradouro.com.br\/novo-site\/wp-json\/wp\/v2\/media?parent=1194"}],"curies":[{"name":"wp","href":"https:\/\/api.w.org\/{rel}","templated":true}]}}